{"id":94,"date":"2020-07-15T03:20:58","date_gmt":"2020-07-15T03:20:58","guid":{"rendered":"http:\/\/rodaalimentos.com\/?page_id=94"},"modified":"2020-07-24T02:33:57","modified_gmt":"2020-07-24T02:33:57","slug":"vende-roda","status":"publish","type":"page","link":"https:\/\/rodaalimentos.com\/index.php\/vende-roda\/","title":{"rendered":"\u00bfQuieres ser distribuidor?"},"content":{"rendered":"\n<p><p style=\"text-align: justify;\"><strong>\u00bfTienes una cafeter\u00eda, restaurante, banquetera, cualquier tipo de negocio o quieres vender producto por tu cuenta?<\/strong><\/p>\n<p style=\"text-align: justify;\">Cont\u00e1ctanos o m\u00e1ndanos un mail para conocer tu negocio y te agregaremos como distribuidor. Tenemos un precio distribuidor dependiendo vol\u00famenes de venta.<\/p>\n<p style=\"text-align: justify;\">En <strong>ROD\u00c1<\/strong> nos dedicamos a entender el mercado para poder proponerte&nbsp;<strong><em>\u00ablos productos adecuados al precio adecuado\u00bb.<\/em><\/strong>&nbsp;Creemos que nuestro \u00e9xito radica en la correcta exhibici\u00f3n, es por eso que buscamos la mejor forma de optimizar tu espacio y obtener un buen desplazamiento.<\/p><\/p>\n\n\n\n<div class=\"wp-block-image\"><figure class=\"aligncenter size-large\"><img loading=\"lazy\" decoding=\"async\" width=\"750\" height=\"600\" src=\"https:\/\/rodaalimentos.com\/wp-content\/uploads\/2020\/07\/mandil.jpg\" alt=\"\" class=\"wp-image-250\" srcset=\"https:\/\/rodaalimentos.com\/wp-content\/uploads\/2020\/07\/mandil.jpg 750w, https:\/\/rodaalimentos.com\/wp-content\/uploads\/2020\/07\/mandil-300x240.jpg 300w\" sizes=\"auto, (max-width: 750px) 100vw, 750px\" \/><\/figure><\/div>\n\n\n\n<h2 class=\"wp-block-heading\">Compromiso con nuestros clientes&#8230;<\/h2>\n\n\n\n<p><p style=\"text-align: justify;\">Medimos cantidad de producto, ganadores y periodicidad de entregas para tu canal. De esta forma incrementamos tus ventas de la mano de nuestros productos. Tambi\u00e9n te apoyamos con material impreso y exhibidores, dependiendo los vol\u00famenos de venta.<\/p><\/p>\n\n\n\n<figure><img decoding=\"async\" src=\"http:\/\/rodaalimentos.com\/wp-content\/uploads\/2020\/07\/patrick-fore-16Vfy9BfLio-unsplash-1024x683.jpg\" alt=\"\" \/><\/figure>\n\n\n\n<h2 class=\"wp-block-heading\">Rod\u00e1 siempre contigo&#8230;<\/h2>\n\n\n\n<p><p style=\"text-align: justify;\">Actualmente nos encontramos en cafeter\u00edas, universidades, hospitales, restaurantes y banqueteras. Nos dedicamos a desarrollar distribuidores que tengan ganas de proveer productos de calidad a sus clientes, aumentando sus ventas y frecuencia de compra.<\/p><\/p>\n","protected":false},"excerpt":{"rendered":"<p>\u00bfTienes una cafeter\u00eda, restaurante, banquetera, cualquier tipo de negocio o quieres vender producto por tu cuenta? Cont\u00e1ctanos o m\u00e1ndanos un mail para conocer tu negocio y te agregaremos como distribuidor. Tenemos un precio distribuidor dependiendo vol\u00famenes de venta. En ROD\u00c1 nos dedicamos a entender el mercado para poder proponerte&nbsp;\u00ablos productos adecuados al precio adecuado\u00bb.&nbsp;Creemos que&#8230;<\/p>\n","protected":false},"author":1,"featured_media":0,"parent":0,"menu_order":0,"comment_status":"closed","ping_status":"closed","template":"","meta":{"footnotes":""},"class_list":["post-94","page","type-page","status-publish","hentry"],"_links":{"self":[{"href":"https:\/\/rodaalimentos.com\/index.php\/wp-json\/wp\/v2\/pages\/94","targetHints":{"allow":["GET"]}}],"collection":[{"href":"https:\/\/rodaalimentos.com\/index.php\/wp-json\/wp\/v2\/pages"}],"about":[{"href":"https:\/\/rodaalimentos.com\/index.php\/wp-json\/wp\/v2\/types\/page"}],"author":[{"embeddable":true,"href":"https:\/\/rodaalimentos.com\/index.php\/wp-json\/wp\/v2\/users\/1"}],"replies":[{"embeddable":true,"href":"https:\/\/rodaalimentos.com\/index.php\/wp-json\/wp\/v2\/comments?post=94"}],"version-history":[{"count":10,"href":"https:\/\/rodaalimentos.com\/index.php\/wp-json\/wp\/v2\/pages\/94\/revisions"}],"predecessor-version":[{"id":251,"href":"https:\/\/rodaalimentos.com\/index.php\/wp-json\/wp\/v2\/pages\/94\/revisions\/251"}],"wp:attachment":[{"href":"https:\/\/rodaalimentos.com\/index.php\/wp-json\/wp\/v2\/media?parent=94"}],"curies":[{"name":"wp","href":"https:\/\/api.w.org\/{rel}","templated":true}]}}